{"id":46,"date":"2025-01-27T19:00:10","date_gmt":"2025-01-27T19:00:10","guid":{"rendered":"https:\/\/roosbert.de\/?page_id=46"},"modified":"2025-01-27T19:00:10","modified_gmt":"2025-01-27T19:00:10","slug":"ueber-mich","status":"publish","type":"page","link":"https:\/\/roosbert.de\/index.php\/ueber-mich\/","title":{"rendered":"\u00dcber mich"},"content":{"rendered":"\n<p>Hi, man kennt mich hier unter dem Namen Roosbert.<br>Die meisten, die \u00fcberhaupt auf diese Seite kommen, wissen wahrscheinlich schon ungef\u00e4hr, wer ich bin. Aber falls nicht, lass uns das doch \u00e4ndern.<\/p>\n\n\n\n<p>Ich bin Roosbert und mache im unbegrenzten Netz der M\u00f6glichkeiten gerne Livestreams \u2013 und das tats\u00e4chlich schon ziemlich lange. Man k\u00f6nnte sagen, ab 2019 ging es so richtig los. Danach wurde es allerdings auch wieder etwas ruhiger. Mit dieser Seite m\u00f6chte ich mich selbst, Projekte und Ideen sowie vielleicht die ein oder andere Umfrage l\u00e4ngerfristig pr\u00e4sentieren.<\/p>\n\n\n\n<p>W\u00e4hrend ich das hier so tippe, bekomme ich fast Lust zu bloggen. Aber wenn ich mir das nicht wirklich zu Herzen nehme, sind meine Online-Projekte leider manchmal etwas z\u00f6gerlich. Vielleicht \u00e4ndert sich das ja 2025.<\/p>\n\n\n\n<p>Hier ein paar Fakten \u00fcber mich: Ich bin aktuell 22 Jahre alt und gerne unterwegs \u2013 ob in Deutschland mit dem Zug oder international. Was euch auf dieser Seite erwarten wird, kann ich euch noch nicht genau sagen, aber ihr werdet es sehen.<\/p>\n\n\n\n<p>Bis dahin: Vielleicht sehen wir uns ja mal in meinem Twitch-Chat! \ud83d\ude42<\/p>\n\n\n\n<p><\/p>\n","protected":false},"excerpt":{"rendered":"<p>Hi, man kennt mich hier unter dem Namen Roosbert.Die meisten, die \u00fcberhaupt auf diese Seite kommen, wissen wahrscheinlich schon ungef\u00e4hr, wer ich bin. Aber falls nicht, lass uns das doch \u00e4ndern. Ich bin Roosbert und mache im unbegrenzten Netz der M\u00f6glichkeiten gerne Livestreams \u2013 und das tats\u00e4chlich schon ziemlich lange. Man k\u00f6nnte sagen, ab 2019 [&hellip;]<\/p>\n","protected":false},"author":1,"featured_media":0,"parent":0,"menu_order":0,"comment_status":"closed","ping_status":"closed","template":"","meta":{"footnotes":""},"class_list":["post-46","page","type-page","status-publish","hentry"],"_links":{"self":[{"href":"https:\/\/roosbert.de\/index.php\/wp-json\/wp\/v2\/pages\/46","targetHints":{"allow":["GET"]}}],"collection":[{"href":"https:\/\/roosbert.de\/index.php\/wp-json\/wp\/v2\/pages"}],"about":[{"href":"https:\/\/roosbert.de\/index.php\/wp-json\/wp\/v2\/types\/page"}],"author":[{"embeddable":true,"href":"https:\/\/roosbert.de\/index.php\/wp-json\/wp\/v2\/users\/1"}],"replies":[{"embeddable":true,"href":"https:\/\/roosbert.de\/index.php\/wp-json\/wp\/v2\/comments?post=46"}],"version-history":[{"count":1,"href":"https:\/\/roosbert.de\/index.php\/wp-json\/wp\/v2\/pages\/46\/revisions"}],"predecessor-version":[{"id":48,"href":"https:\/\/roosbert.de\/index.php\/wp-json\/wp\/v2\/pages\/46\/revisions\/48"}],"wp:attachment":[{"href":"https:\/\/roosbert.de\/index.php\/wp-json\/wp\/v2\/media?parent=46"}],"curies":[{"name":"wp","href":"https:\/\/api.w.org\/{rel}","templated":true}]}}