{"id":3,"date":"2024-08-31T15:37:10","date_gmt":"2024-08-31T15:37:10","guid":{"rendered":"https:\/\/roosbert.de\/?page_id=3"},"modified":"2024-12-26T00:03:02","modified_gmt":"2024-12-26T00:03:02","slug":"datenschutzerklaerung","status":"publish","type":"page","link":"https:\/\/roosbert.de\/index.php\/datenschutzerklaerung\/","title":{"rendered":"Privacy Policy"},"content":{"rendered":"\n<p><strong>Datenschutzerkl\u00e4rung<\/strong><\/p>\n\n\n\n<p><strong>1. Serverstandort<\/strong><\/p>\n\n\n\n<p>Unser Webserver befindet sich in Deutschland. Daher unterliegt die Datenverarbeitung den Bestimmungen der Datenschutz-Grundverordnung (DSGVO).<\/p>\n\n\n\n<p><strong>2. Erhebung und Verarbeitung technischer Daten<\/strong><\/p>\n\n\n\n<p>Wir erheben und verarbeiten keine personenbezogenen Daten von Besuchern unserer Website. Allerdings speichern wir automatisch technische Daten in sogenannten Server-Logfiles, die Ihr Browser automatisch an uns \u00fcbermittelt. Diese Daten umfassen:<\/p>\n\n\n\n<ul class=\"wp-block-list\">\n<li><strong>IP-Adresse:<\/strong> Zur Identifikation der anfragenden Ger\u00e4te.<\/li>\n\n\n\n<li><strong>Datum und Uhrzeit der Anfrage:<\/strong> Zur Protokollierung der Zugriffe.<\/li>\n\n\n\n<li><strong>Browsertyp und -version:<\/strong> Zur Gew\u00e4hrleistung der Kompatibilit\u00e4t unserer Website.<\/li>\n\n\n\n<li><strong>Verwendetes Betriebssystem:<\/strong> Zur Verbesserung der Sicherheit unserer Website.<\/li>\n\n\n\n<li><strong>Referrer-URL:<\/strong> Zur Analyse der Zugriffsquellen.<\/li>\n<\/ul>\n\n\n\n<p>Diese Daten werden ausschlie\u00dflich zur Gew\u00e4hrleistung der Sicherheit unserer Website und zur Abwehr von Angriffen verwendet. Eine Weitergabe an Dritte erfolgt nicht.<\/p>\n\n\n\n<p><strong>3. Nutzung von Cookies<\/strong><\/p>\n\n\n\n<p>Wir verwenden auf unserer Website keine Cookies. Es werden keine Daten auf Ihrem Endger\u00e4t gespeichert oder abgerufen.<\/p>\n\n\n\n<p><strong>4. Datensicherheit<\/strong><\/p>\n\n\n\n<p>Obwohl wir keine personenbezogenen Daten erheben, setzen wir technische und organisatorische Ma\u00dfnahmen ein, um die Sicherheit unserer Website zu gew\u00e4hrleisten und unbefugten Zugriff zu verhindern. Dazu geh\u00f6ren regelm\u00e4\u00dfige Updates, Firewalls und sichere Serverkonfigurationen.<\/p>\n\n\n\n<p><strong>5. \u00c4nderungen der Datenschutzerkl\u00e4rung<\/strong><\/p>\n\n\n\n<p>Wir behalten uns vor, diese Datenschutzerkl\u00e4rung bei Bedarf zu aktualisieren, um sie an ge\u00e4nderte rechtliche Anforderungen oder \u00c4nderungen unserer Website anzupassen.<\/p>\n","protected":false},"excerpt":{"rendered":"<p>Datenschutzerkl\u00e4rung 1. Serverstandort Unser Webserver befindet sich in Deutschland. Daher unterliegt die Datenverarbeitung den Bestimmungen der Datenschutz-Grundverordnung (DSGVO). 2. Erhebung und Verarbeitung technischer Daten Wir erheben und verarbeiten keine personenbezogenen Daten von Besuchern unserer Website. Allerdings speichern wir automatisch technische Daten in sogenannten Server-Logfiles, die Ihr Browser automatisch an uns \u00fcbermittelt. Diese Daten umfassen: Diese [&hellip;]<\/p>\n","protected":false},"author":1,"featured_media":0,"parent":0,"menu_order":0,"comment_status":"closed","ping_status":"open","template":"","meta":{"footnotes":""},"class_list":["post-3","page","type-page","status-publish","hentry"],"_links":{"self":[{"href":"https:\/\/roosbert.de\/index.php\/wp-json\/wp\/v2\/pages\/3","targetHints":{"allow":["GET"]}}],"collection":[{"href":"https:\/\/roosbert.de\/index.php\/wp-json\/wp\/v2\/pages"}],"about":[{"href":"https:\/\/roosbert.de\/index.php\/wp-json\/wp\/v2\/types\/page"}],"author":[{"embeddable":true,"href":"https:\/\/roosbert.de\/index.php\/wp-json\/wp\/v2\/users\/1"}],"replies":[{"embeddable":true,"href":"https:\/\/roosbert.de\/index.php\/wp-json\/wp\/v2\/comments?post=3"}],"version-history":[{"count":4,"href":"https:\/\/roosbert.de\/index.php\/wp-json\/wp\/v2\/pages\/3\/revisions"}],"predecessor-version":[{"id":42,"href":"https:\/\/roosbert.de\/index.php\/wp-json\/wp\/v2\/pages\/3\/revisions\/42"}],"wp:attachment":[{"href":"https:\/\/roosbert.de\/index.php\/wp-json\/wp\/v2\/media?parent=3"}],"curies":[{"name":"wp","href":"https:\/\/api.w.org\/{rel}","templated":true}]}}